{"id":380,"date":"2012-11-12T15:17:00","date_gmt":"2012-11-12T14:17:00","guid":{"rendered":"\/projekteringstips-radgarage\/"},"modified":"2012-11-12T15:17:00","modified_gmt":"2012-11-12T14:17:00","slug":"projekteringstips-radgarage","status":"publish","type":"page","link":"https:\/\/www.mellbygarage.se\/sv\/projekteringstips-radgarage\/","title":{"rendered":"Projekteringstips radgarage"},"content":{"rendered":"<h2>V\u00e5ra radgarage har en h\u00f6g prefabriceringsgrad vilket g\u00f6r att garaget kan monteras effektivt. V\u00e4ggelementen v\u00e4ger mellan 65-75 kg vilket kan hanteras av tv\u00e5 personer utan kran.<\/h2>\n<p>Vid l\u00e5nga garage placeras materialet j\u00e4mt f\u00f6rdelat p\u00e5 garagets l\u00e4ngd s\u00e5 att man inte beh\u00f6ver b\u00e4ra materialet l\u00e4ngre \u00e4n n\u00f6dv\u00e4ndigt.<\/p>\n<h3>M\u00e5tt<\/h3>\n<p><img decoding=\"async\" loading=\"lazy\" src=\"\/wp-content\/uploads\/2017\/12\/a2f5a11e9c02b8453b8dcb3e203988447fccba21.jpg\" width=\"300\" height=\"225\" style=\"vertical-align: bottom;\" \/><br \/>Typ RP-NF 27&#215;60 med n\u00e4t mellanv\u00e4gg<\/p>\n<p>Vid nyproduktion rekommenderar vi att varje plats har en minsta bredd p\u00e5 2,70 m. D\u00e5 f\u00e5r man \u00e4ven plats med mellanv\u00e4gg mellan varje bilplats. Med 3,00 m bredd f\u00e5r man en mer bekv\u00e4m i- och urstigning. <br \/> Vid ers\u00e4ttning av befintliga garage eller d\u00e4r det av n\u00e5gon anledning finns en begr\u00e4nsad yta anpassar vi bredden p\u00e5 garageplatserna till 2,5 m. Vid denna bredd rekommenderar vi att man v\u00e4ljer ett garage utan mellanv\u00e4ggar mellan platserna.<\/p>\n<p>Djupet f\u00f6r billuppst\u00e4llning b\u00f6r minst vara 5,4 m. Finns behovet av f\u00f6rvaring kan garageplatsen f\u00f6rl\u00e4ngas till 6,0 m d\u00e5 med plats f\u00f6r bil och tillbeh\u00f6r eller 7,2 m, med f\u00f6rr\u00e5dsyta framf\u00f6r fordonet.<\/p>\n<p>Kontakta oss om ni har fr\u00e5gor ang\u00e5ende projektering av radgarage.<\/p>\n<h3>Grundl\u00e4ggning<\/h3>\n<p><img decoding=\"async\" loading=\"lazy\" src=\"\/wp-content\/uploads\/2017\/12\/1534be0749f6ccd0a4cdb61457245b1ef8c14e2d.jpg\" width=\"150\" height=\"113\" style=\"float: left; margin: 5px 15px 15px 0;\" \/>Radgaragen s\u00e4tts i regel upp p\u00e5 en f\u00f6renklad grundl\u00e4ggning. Detta inneb\u00e4r en betongsyll som l\u00e4ggs i en asfaltsyta. Vid nyprojektering s\u00e4tts markh\u00f6jderna med 50mm fall mot porten. P\u00e5 befintliga parkeringsplatser skall man r\u00e4kna med ny asfalttopp f\u00f6r att f\u00e5 j\u00e4mn yta och med 50mm fall mot porten. Eftersom risk f\u00f6r tj\u00e4lskjutning kan f\u00f6religga b\u00f6r man v\u00e4lja l\u00e4mplig port, dvs. vipport eller takskjutport.<\/p>\n<p><a href=\"\/sv\/proffs\/hantverkare\/garage\/ingaende-material\/grundpaket\/\">L\u00e4s mer om v\u00e5ra grundpaket.<\/a><\/p>\n<\/p>\n<\/p>\n<p>Garagen kan med f\u00f6rdel monteras \u00e4ven om marken lutar i sidled.<\/p>\n<p><img decoding=\"async\" loading=\"lazy\" src=\"\/wp-content\/uploads\/2017\/12\/98add37d18813784b8ec691a0d0ec69e42013da0.jpg\" width=\"300\" height=\"224\" style=\"float: right;\" \/><\/p>\n<ul>\n<li>Vid mindre lutning l\u00e4ggs betongsyllen i lutningen, vilket medf\u00f6r att markberedning, syllmontering och asfaltering kan utf\u00f6ras rationellt.<\/li>\n<li>Syllen vid portsidan l\u00e4ggs horisontellt och niv\u00e5skillnader tas upp stegvis mellan garageplatserna och j\u00e4mnas ut i bel\u00e4ggningen framf\u00f6r garageportarna.<\/li>\n<li>Vid st\u00f6rre lutningar blir avtrappningar av garaget aktuellt. Betongsyllen l\u00e4ggs horisontellt och niv\u00e5skillnader tas upp vid trappningen. I vissa fall kan det \u00e4ven bli aktuellt med st\u00f6dmurar. <\/li>\n<\/ul>\n<div><\/div>\n<div><img decoding=\"async\" loading=\"lazy\" src=\"\/wp-content\/uploads\/2017\/12\/478224a3d3f58dc1a4f17691e7e3fe7de936a136.jpg\" width=\"350\" height=\"263\" style=\"vertical-align: bottom;\" \/> <\/div>\n<\/p>\n<p>Har du n\u00e5gra fr\u00e5gor eller vill f\u00e5 tips och r\u00e5d? Kontakta oss.<\/p>\n","protected":false},"excerpt":{"rendered":"<p>V\u00e5ra radgarage har en h\u00f6g prefabriceringsgrad vilket g\u00f6r att garaget kan monteras effektivt. V\u00e4ggelementen v\u00e4ger mellan 65-75 kg vilket kan hanteras av tv\u00e5 personer utan kran. Vid l\u00e5nga garage placeras materialet j\u00e4mt f\u00f6rdelat p\u00e5 garagets l\u00e4ngd s\u00e5 att man inte beh\u00f6ver b\u00e4ra materialet l\u00e4ngre \u00e4n n\u00f6dv\u00e4ndigt. M\u00e5tt Typ RP-NF 27&#215;60 med n\u00e4t mellanv\u00e4gg Vid nyproduktion&nbsp; <a href=\"https:\/\/www.mellbygarage.se\/sv\/projekteringstips-radgarage\/\">&hellip; L\u00e4s mer <i class=\"fa fa-arrow-right\"><\/i><\/a><\/p>\n","protected":false},"author":1,"featured_media":0,"parent":0,"menu_order":0,"comment_status":"open","ping_status":"open","template":"","meta":[],"acf":[],"yoast_head":"<!-- This site is optimized with the Yoast SEO Premium plugin v19.2.1 (Yoast SEO v21.8.1) - https:\/\/yoast.com\/wordpress\/plugins\/seo\/ -->\n<title>Projekteringstips radgarage &#8212; Mellby Garage<\/title>\n<meta name=\"robots\" content=\"index, follow, max-snippet:-1, max-image-preview:large, max-video-preview:-1\" \/>\n<link rel=\"canonical\" href=\"https:\/\/www.mellbygarage.se\/sv\/projekteringstips-radgarage\/\" \/>\n<meta property=\"og:locale\" content=\"sv_SE\" \/>\n<meta property=\"og:type\" content=\"article\" \/>\n<meta property=\"og:title\" content=\"Projekteringstips radgarage\" \/>\n<meta property=\"og:description\" content=\"V\u00e5ra radgarage har en h\u00f6g prefabriceringsgrad vilket g\u00f6r att garaget kan monteras effektivt. V\u00e4ggelementen v\u00e4ger mellan 65-75 kg vilket kan hanteras av tv\u00e5 personer utan kran. Vid l\u00e5nga garage placeras materialet j\u00e4mt f\u00f6rdelat p\u00e5 garagets l\u00e4ngd s\u00e5 att man inte beh\u00f6ver b\u00e4ra materialet l\u00e4ngre \u00e4n n\u00f6dv\u00e4ndigt. M\u00e5tt Typ RP-NF 27&#215;60 med n\u00e4t mellanv\u00e4gg Vid nyproduktion&nbsp; &hellip; L\u00e4s mer\" \/>\n<meta property=\"og:url\" content=\"https:\/\/www.mellbygarage.se\/sv\/projekteringstips-radgarage\/\" \/>\n<meta property=\"og:site_name\" content=\"Mellby Garage\" \/>\n<meta property=\"article:publisher\" content=\"https:\/\/www.facebook.com\/mellbygarage\" \/>\n<meta property=\"og:image\" content=\"https:\/\/www.mellbygarage.se\/wp-content\/uploads\/2017\/12\/a2f5a11e9c02b8453b8dcb3e203988447fccba21.jpg\" \/>\n<meta name=\"twitter:card\" content=\"summary_large_image\" \/>\n<meta name=\"twitter:label1\" content=\"Ber\u00e4knad l\u00e4stid\" \/>\n\t<meta name=\"twitter:data1\" content=\"2 minuter\" \/>\n<script type=\"application\/ld+json\" class=\"yoast-schema-graph\">{\"@context\":\"https:\/\/schema.org\",\"@graph\":[{\"@type\":\"WebPage\",\"@id\":\"https:\/\/www.mellbygarage.se\/sv\/projekteringstips-radgarage\/\",\"url\":\"https:\/\/www.mellbygarage.se\/sv\/projekteringstips-radgarage\/\",\"name\":\"Projekteringstips radgarage &#8212; Mellby Garage\",\"isPartOf\":{\"@id\":\"https:\/\/www.mellbygarage.se\/sv\/#website\"},\"datePublished\":\"2012-11-12T14:17:00+00:00\",\"dateModified\":\"2012-11-12T14:17:00+00:00\",\"breadcrumb\":{\"@id\":\"https:\/\/www.mellbygarage.se\/sv\/projekteringstips-radgarage\/#breadcrumb\"},\"inLanguage\":\"sv-SE\",\"potentialAction\":[{\"@type\":\"ReadAction\",\"target\":[\"https:\/\/www.mellbygarage.se\/sv\/projekteringstips-radgarage\/\"]}]},{\"@type\":\"BreadcrumbList\",\"@id\":\"https:\/\/www.mellbygarage.se\/sv\/projekteringstips-radgarage\/#breadcrumb\",\"itemListElement\":[{\"@type\":\"ListItem\",\"position\":1,\"name\":\"Hem\",\"item\":\"https:\/\/www.mellbygarage.se\/sv\/\"},{\"@type\":\"ListItem\",\"position\":2,\"name\":\"Projekteringstips radgarage\"}]},{\"@type\":\"WebSite\",\"@id\":\"https:\/\/www.mellbygarage.se\/sv\/#website\",\"url\":\"https:\/\/www.mellbygarage.se\/sv\/\",\"name\":\"Mellby Garage\",\"description\":\"Garage, carport och radgarage med 10 \u00e5rs garanti\",\"potentialAction\":[{\"@type\":\"SearchAction\",\"target\":{\"@type\":\"EntryPoint\",\"urlTemplate\":\"https:\/\/www.mellbygarage.se\/sv\/?s={search_term_string}\"},\"query-input\":\"required name=search_term_string\"}],\"inLanguage\":\"sv-SE\"}]}<\/script>\n<!-- \/ Yoast SEO Premium plugin. -->","yoast_head_json":{"title":"Projekteringstips radgarage &#8212; Mellby Garage","robots":{"index":"index","follow":"follow","max-snippet":"max-snippet:-1","max-image-preview":"max-image-preview:large","max-video-preview":"max-video-preview:-1"},"canonical":"https:\/\/www.mellbygarage.se\/sv\/projekteringstips-radgarage\/","og_locale":"sv_SE","og_type":"article","og_title":"Projekteringstips radgarage","og_description":"V\u00e5ra radgarage har en h\u00f6g prefabriceringsgrad vilket g\u00f6r att garaget kan monteras effektivt. V\u00e4ggelementen v\u00e4ger mellan 65-75 kg vilket kan hanteras av tv\u00e5 personer utan kran. Vid l\u00e5nga garage placeras materialet j\u00e4mt f\u00f6rdelat p\u00e5 garagets l\u00e4ngd s\u00e5 att man inte beh\u00f6ver b\u00e4ra materialet l\u00e4ngre \u00e4n n\u00f6dv\u00e4ndigt. M\u00e5tt Typ RP-NF 27&#215;60 med n\u00e4t mellanv\u00e4gg Vid nyproduktion&nbsp; &hellip; L\u00e4s mer","og_url":"https:\/\/www.mellbygarage.se\/sv\/projekteringstips-radgarage\/","og_site_name":"Mellby Garage","article_publisher":"https:\/\/www.facebook.com\/mellbygarage","og_image":[{"url":"https:\/\/www.mellbygarage.se\/wp-content\/uploads\/2017\/12\/a2f5a11e9c02b8453b8dcb3e203988447fccba21.jpg"}],"twitter_card":"summary_large_image","twitter_misc":{"Ber\u00e4knad l\u00e4stid":"2 minuter"},"schema":{"@context":"https:\/\/schema.org","@graph":[{"@type":"WebPage","@id":"https:\/\/www.mellbygarage.se\/sv\/projekteringstips-radgarage\/","url":"https:\/\/www.mellbygarage.se\/sv\/projekteringstips-radgarage\/","name":"Projekteringstips radgarage &#8212; Mellby Garage","isPartOf":{"@id":"https:\/\/www.mellbygarage.se\/sv\/#website"},"datePublished":"2012-11-12T14:17:00+00:00","dateModified":"2012-11-12T14:17:00+00:00","breadcrumb":{"@id":"https:\/\/www.mellbygarage.se\/sv\/projekteringstips-radgarage\/#breadcrumb"},"inLanguage":"sv-SE","potentialAction":[{"@type":"ReadAction","target":["https:\/\/www.mellbygarage.se\/sv\/projekteringstips-radgarage\/"]}]},{"@type":"BreadcrumbList","@id":"https:\/\/www.mellbygarage.se\/sv\/projekteringstips-radgarage\/#breadcrumb","itemListElement":[{"@type":"ListItem","position":1,"name":"Hem","item":"https:\/\/www.mellbygarage.se\/sv\/"},{"@type":"ListItem","position":2,"name":"Projekteringstips radgarage"}]},{"@type":"WebSite","@id":"https:\/\/www.mellbygarage.se\/sv\/#website","url":"https:\/\/www.mellbygarage.se\/sv\/","name":"Mellby Garage","description":"Garage, carport och radgarage med 10 \u00e5rs garanti","potentialAction":[{"@type":"SearchAction","target":{"@type":"EntryPoint","urlTemplate":"https:\/\/www.mellbygarage.se\/sv\/?s={search_term_string}"},"query-input":"required name=search_term_string"}],"inLanguage":"sv-SE"}]}},"_links":{"self":[{"href":"https:\/\/www.mellbygarage.se\/sv\/wp-json\/wp\/v2\/pages\/380"}],"collection":[{"href":"https:\/\/www.mellbygarage.se\/sv\/wp-json\/wp\/v2\/pages"}],"about":[{"href":"https:\/\/www.mellbygarage.se\/sv\/wp-json\/wp\/v2\/types\/page"}],"author":[{"embeddable":true,"href":"https:\/\/www.mellbygarage.se\/sv\/wp-json\/wp\/v2\/users\/1"}],"replies":[{"embeddable":true,"href":"https:\/\/www.mellbygarage.se\/sv\/wp-json\/wp\/v2\/comments?post=380"}],"version-history":[{"count":0,"href":"https:\/\/www.mellbygarage.se\/sv\/wp-json\/wp\/v2\/pages\/380\/revisions"}],"wp:attachment":[{"href":"https:\/\/www.mellbygarage.se\/sv\/wp-json\/wp\/v2\/media?parent=380"}],"curies":[{"name":"wp","href":"https:\/\/api.w.org\/{rel}","templated":true}]}}