{"id":432,"date":"2012-04-18T19:55:00","date_gmt":"2012-04-18T17:55:00","guid":{"rendered":"\/dubbelgarage-med-sadeltak-och-halvmanefonster\/"},"modified":"2012-04-18T19:55:00","modified_gmt":"2012-04-18T17:55:00","slug":"dubbelgarage-med-sadeltak-och-halvmanefonster","status":"publish","type":"page","link":"https:\/\/www.mellbygarage.se\/sv\/dubbelgarage-med-sadeltak-och-halvmanefonster\/","title":{"rendered":"Dubbelgarage med sadeltak och halvm\u00e5nef\u00f6nster"},"content":{"rendered":"<p>Detta \u00e4r nog den mest klassiksa utformningen p\u00e5 ett <a href=\"\/sv\/villagarage\/dubbelgarage\/\">dubbelgarage<\/a>. 6,3 x 7,3 meter ger dig ett <a href=\"\/sv\/villagarage\/dubbelgarage\/\">dubbelgarage<\/a> med plats f\u00f6r tv\u00e5 bilar och en arbetsb\u00e4nk bakkant.<\/p>\n","protected":false},"excerpt":{"rendered":"<p>Detta \u00e4r nog den mest klassiksa utformningen p\u00e5 ett dubbelgarage. 6,3 x 7,3 meter ger dig ett dubbelgarage med plats f\u00f6r tv\u00e5 bilar och en arbetsb\u00e4nk bakkant.<\/p>\n","protected":false},"author":1,"featured_media":410,"parent":0,"menu_order":0,"comment_status":"open","ping_status":"open","template":"","meta":[],"acf":[],"yoast_head":"<!-- This site is optimized with the Yoast SEO Premium plugin v19.2.1 (Yoast SEO v21.8.1) - https:\/\/yoast.com\/wordpress\/plugins\/seo\/ -->\n<title>Dubbelgarage med sadeltak och halvm\u00e5nef\u00f6nster &#8212; Mellby Garage<\/title>\n<meta name=\"robots\" content=\"index, follow, max-snippet:-1, max-image-preview:large, max-video-preview:-1\" \/>\n<link rel=\"canonical\" href=\"https:\/\/www.mellbygarage.se\/sv\/dubbelgarage-med-sadeltak-och-halvmanefonster\/\" \/>\n<meta property=\"og:locale\" content=\"sv_SE\" \/>\n<meta property=\"og:type\" content=\"article\" \/>\n<meta property=\"og:title\" content=\"Dubbelgarage med sadeltak och halvm\u00e5nef\u00f6nster\" \/>\n<meta property=\"og:description\" content=\"Detta \u00e4r nog den mest klassiksa utformningen p\u00e5 ett dubbelgarage. 6,3 x 7,3 meter ger dig ett dubbelgarage med plats f\u00f6r tv\u00e5 bilar och en arbetsb\u00e4nk bakkant.\" \/>\n<meta property=\"og:url\" content=\"https:\/\/www.mellbygarage.se\/sv\/dubbelgarage-med-sadeltak-och-halvmanefonster\/\" \/>\n<meta property=\"og:site_name\" content=\"Mellby Garage\" \/>\n<meta property=\"article:publisher\" content=\"https:\/\/www.facebook.com\/mellbygarage\" \/>\n<meta property=\"og:image\" content=\"https:\/\/www.mellbygarage.se\/wp-content\/uploads\/2017\/12\/0aaef4c3a112697e2d4506333b8afbf804669bc0-970x728.jpg\" \/>\n\t<meta property=\"og:image:width\" content=\"970\" \/>\n\t<meta property=\"og:image:height\" content=\"728\" \/>\n\t<meta property=\"og:image:type\" content=\"image\/jpeg\" \/>\n<meta name=\"twitter:card\" content=\"summary_large_image\" \/>\n<script type=\"application\/ld+json\" class=\"yoast-schema-graph\">{\"@context\":\"https:\/\/schema.org\",\"@graph\":[{\"@type\":\"WebPage\",\"@id\":\"https:\/\/www.mellbygarage.se\/sv\/dubbelgarage-med-sadeltak-och-halvmanefonster\/\",\"url\":\"https:\/\/www.mellbygarage.se\/sv\/dubbelgarage-med-sadeltak-och-halvmanefonster\/\",\"name\":\"Dubbelgarage med sadeltak och halvm\u00e5nef\u00f6nster &#8212; Mellby Garage\",\"isPartOf\":{\"@id\":\"https:\/\/www.mellbygarage.se\/sv\/#website\"},\"datePublished\":\"2012-04-18T17:55:00+00:00\",\"dateModified\":\"2012-04-18T17:55:00+00:00\",\"breadcrumb\":{\"@id\":\"https:\/\/www.mellbygarage.se\/sv\/dubbelgarage-med-sadeltak-och-halvmanefonster\/#breadcrumb\"},\"inLanguage\":\"sv-SE\",\"potentialAction\":[{\"@type\":\"ReadAction\",\"target\":[\"https:\/\/www.mellbygarage.se\/sv\/dubbelgarage-med-sadeltak-och-halvmanefonster\/\"]}]},{\"@type\":\"BreadcrumbList\",\"@id\":\"https:\/\/www.mellbygarage.se\/sv\/dubbelgarage-med-sadeltak-och-halvmanefonster\/#breadcrumb\",\"itemListElement\":[{\"@type\":\"ListItem\",\"position\":1,\"name\":\"Hem\",\"item\":\"https:\/\/www.mellbygarage.se\/sv\/\"},{\"@type\":\"ListItem\",\"position\":2,\"name\":\"Dubbelgarage med sadeltak och halvm\u00e5nef\u00f6nster\"}]},{\"@type\":\"WebSite\",\"@id\":\"https:\/\/www.mellbygarage.se\/sv\/#website\",\"url\":\"https:\/\/www.mellbygarage.se\/sv\/\",\"name\":\"Mellby Garage\",\"description\":\"Garage, carport och radgarage med 10 \u00e5rs garanti\",\"potentialAction\":[{\"@type\":\"SearchAction\",\"target\":{\"@type\":\"EntryPoint\",\"urlTemplate\":\"https:\/\/www.mellbygarage.se\/sv\/?s={search_term_string}\"},\"query-input\":\"required name=search_term_string\"}],\"inLanguage\":\"sv-SE\"}]}<\/script>\n<!-- \/ Yoast SEO Premium plugin. -->","yoast_head_json":{"title":"Dubbelgarage med sadeltak och halvm\u00e5nef\u00f6nster &#8212; Mellby Garage","robots":{"index":"index","follow":"follow","max-snippet":"max-snippet:-1","max-image-preview":"max-image-preview:large","max-video-preview":"max-video-preview:-1"},"canonical":"https:\/\/www.mellbygarage.se\/sv\/dubbelgarage-med-sadeltak-och-halvmanefonster\/","og_locale":"sv_SE","og_type":"article","og_title":"Dubbelgarage med sadeltak och halvm\u00e5nef\u00f6nster","og_description":"Detta \u00e4r nog den mest klassiksa utformningen p\u00e5 ett dubbelgarage. 6,3 x 7,3 meter ger dig ett dubbelgarage med plats f\u00f6r tv\u00e5 bilar och en arbetsb\u00e4nk bakkant.","og_url":"https:\/\/www.mellbygarage.se\/sv\/dubbelgarage-med-sadeltak-och-halvmanefonster\/","og_site_name":"Mellby Garage","article_publisher":"https:\/\/www.facebook.com\/mellbygarage","og_image":[{"width":970,"height":728,"url":"https:\/\/www.mellbygarage.se\/wp-content\/uploads\/2017\/12\/0aaef4c3a112697e2d4506333b8afbf804669bc0-970x728.jpg","type":"image\/jpeg"}],"twitter_card":"summary_large_image","schema":{"@context":"https:\/\/schema.org","@graph":[{"@type":"WebPage","@id":"https:\/\/www.mellbygarage.se\/sv\/dubbelgarage-med-sadeltak-och-halvmanefonster\/","url":"https:\/\/www.mellbygarage.se\/sv\/dubbelgarage-med-sadeltak-och-halvmanefonster\/","name":"Dubbelgarage med sadeltak och halvm\u00e5nef\u00f6nster &#8212; Mellby Garage","isPartOf":{"@id":"https:\/\/www.mellbygarage.se\/sv\/#website"},"datePublished":"2012-04-18T17:55:00+00:00","dateModified":"2012-04-18T17:55:00+00:00","breadcrumb":{"@id":"https:\/\/www.mellbygarage.se\/sv\/dubbelgarage-med-sadeltak-och-halvmanefonster\/#breadcrumb"},"inLanguage":"sv-SE","potentialAction":[{"@type":"ReadAction","target":["https:\/\/www.mellbygarage.se\/sv\/dubbelgarage-med-sadeltak-och-halvmanefonster\/"]}]},{"@type":"BreadcrumbList","@id":"https:\/\/www.mellbygarage.se\/sv\/dubbelgarage-med-sadeltak-och-halvmanefonster\/#breadcrumb","itemListElement":[{"@type":"ListItem","position":1,"name":"Hem","item":"https:\/\/www.mellbygarage.se\/sv\/"},{"@type":"ListItem","position":2,"name":"Dubbelgarage med sadeltak och halvm\u00e5nef\u00f6nster"}]},{"@type":"WebSite","@id":"https:\/\/www.mellbygarage.se\/sv\/#website","url":"https:\/\/www.mellbygarage.se\/sv\/","name":"Mellby Garage","description":"Garage, carport och radgarage med 10 \u00e5rs garanti","potentialAction":[{"@type":"SearchAction","target":{"@type":"EntryPoint","urlTemplate":"https:\/\/www.mellbygarage.se\/sv\/?s={search_term_string}"},"query-input":"required name=search_term_string"}],"inLanguage":"sv-SE"}]}},"_links":{"self":[{"href":"https:\/\/www.mellbygarage.se\/sv\/wp-json\/wp\/v2\/pages\/432"}],"collection":[{"href":"https:\/\/www.mellbygarage.se\/sv\/wp-json\/wp\/v2\/pages"}],"about":[{"href":"https:\/\/www.mellbygarage.se\/sv\/wp-json\/wp\/v2\/types\/page"}],"author":[{"embeddable":true,"href":"https:\/\/www.mellbygarage.se\/sv\/wp-json\/wp\/v2\/users\/1"}],"replies":[{"embeddable":true,"href":"https:\/\/www.mellbygarage.se\/sv\/wp-json\/wp\/v2\/comments?post=432"}],"version-history":[{"count":0,"href":"https:\/\/www.mellbygarage.se\/sv\/wp-json\/wp\/v2\/pages\/432\/revisions"}],"wp:featuredmedia":[{"embeddable":true,"href":"https:\/\/www.mellbygarage.se\/sv\/wp-json\/wp\/v2\/media\/410"}],"wp:attachment":[{"href":"https:\/\/www.mellbygarage.se\/sv\/wp-json\/wp\/v2\/media?parent=432"}],"curies":[{"name":"wp","href":"https:\/\/api.w.org\/{rel}","templated":true}]}}