{"id":436,"date":"2012-04-18T19:36:00","date_gmt":"2012-04-18T17:36:00","guid":{"rendered":"\/dubbelgarage-med-sadeltak-liggande-panel\/"},"modified":"2012-04-18T19:36:00","modified_gmt":"2012-04-18T17:36:00","slug":"dubbelgarage-med-sadeltak-liggande-panel","status":"publish","type":"page","link":"https:\/\/www.mellbygarage.se\/sv\/dubbelgarage-med-sadeltak-liggande-panel\/","title":{"rendered":"Dubbelgarage med sadeltak liggande panel"},"content":{"rendered":"<p><a href=\"\/sv\/villagarage\/dubbelgarage\/\">Dubbelgarage<\/a> som med plats f\u00f6r verkstad eller f\u00f6rr\u00e5dsdel b\u00f6r vara 8,4 meter l\u00e5ngt. Bilen beh\u00f6ver ca 6 meter f\u00f6r att enkelt f\u00e5 plats att komma in med denna l\u00e4ngd f\u00e5r du bra utrymme f\u00f6r att kunna arbeta vid en verkstadsb\u00e4nk med bilen i garaget. Alternativt s\u00e4tter man en mellanv\u00e4gg p\u00e5 6 meter och har \u00f6vriga delen som f\u00f6rr\u00e5d. Det sistn\u00e4mnda \u00e4r det alternativ som denna kund har valt f\u00f6r att utforma sitt garage.<\/p>\n<p>Storlek: 6,3 x 8,5 meter.<\/p>\n","protected":false},"excerpt":{"rendered":"<p>Dubbelgarage som med plats f\u00f6r verkstad eller f\u00f6rr\u00e5dsdel b\u00f6r vara 8,4 meter l\u00e5ngt. Bilen beh\u00f6ver ca 6 meter f\u00f6r att enkelt f\u00e5 plats att komma in med denna l\u00e4ngd f\u00e5r du bra utrymme f\u00f6r att kunna arbeta vid en verkstadsb\u00e4nk med bilen i garaget. Alternativt s\u00e4tter man en mellanv\u00e4gg p\u00e5 6 meter och har \u00f6vriga&nbsp; <a href=\"https:\/\/www.mellbygarage.se\/sv\/dubbelgarage-med-sadeltak-liggande-panel\/\">&hellip; L\u00e4s mer <i class=\"fa fa-arrow-right\"><\/i><\/a><\/p>\n","protected":false},"author":1,"featured_media":414,"parent":0,"menu_order":0,"comment_status":"open","ping_status":"open","template":"","meta":[],"acf":[],"yoast_head":"<!-- This site is optimized with the Yoast SEO Premium plugin v19.2.1 (Yoast SEO v21.8.1) - https:\/\/yoast.com\/wordpress\/plugins\/seo\/ -->\n<title>Dubbelgarage med sadeltak liggande panel &#8212; Mellby Garage<\/title>\n<meta name=\"robots\" content=\"index, follow, max-snippet:-1, max-image-preview:large, max-video-preview:-1\" \/>\n<link rel=\"canonical\" href=\"https:\/\/www.mellbygarage.se\/sv\/dubbelgarage-med-sadeltak-liggande-panel\/\" \/>\n<meta property=\"og:locale\" content=\"sv_SE\" \/>\n<meta property=\"og:type\" content=\"article\" \/>\n<meta property=\"og:title\" content=\"Dubbelgarage med sadeltak liggande panel\" \/>\n<meta property=\"og:description\" content=\"Dubbelgarage som med plats f\u00f6r verkstad eller f\u00f6rr\u00e5dsdel b\u00f6r vara 8,4 meter l\u00e5ngt. Bilen beh\u00f6ver ca 6 meter f\u00f6r att enkelt f\u00e5 plats att komma in med denna l\u00e4ngd f\u00e5r du bra utrymme f\u00f6r att kunna arbeta vid en verkstadsb\u00e4nk med bilen i garaget. Alternativt s\u00e4tter man en mellanv\u00e4gg p\u00e5 6 meter och har \u00f6vriga&nbsp; &hellip; L\u00e4s mer\" \/>\n<meta property=\"og:url\" content=\"https:\/\/www.mellbygarage.se\/sv\/dubbelgarage-med-sadeltak-liggande-panel\/\" \/>\n<meta property=\"og:site_name\" content=\"Mellby Garage\" \/>\n<meta property=\"article:publisher\" content=\"https:\/\/www.facebook.com\/mellbygarage\" \/>\n<meta property=\"og:image\" content=\"https:\/\/www.mellbygarage.se\/wp-content\/uploads\/2017\/12\/c2c88be04f22fd3abf0f3a69c4e9d799497d5013-970x728.jpg\" \/>\n\t<meta property=\"og:image:width\" content=\"970\" \/>\n\t<meta property=\"og:image:height\" content=\"728\" \/>\n\t<meta property=\"og:image:type\" content=\"image\/jpeg\" \/>\n<meta name=\"twitter:card\" content=\"summary_large_image\" \/>\n<script type=\"application\/ld+json\" class=\"yoast-schema-graph\">{\"@context\":\"https:\/\/schema.org\",\"@graph\":[{\"@type\":\"WebPage\",\"@id\":\"https:\/\/www.mellbygarage.se\/sv\/dubbelgarage-med-sadeltak-liggande-panel\/\",\"url\":\"https:\/\/www.mellbygarage.se\/sv\/dubbelgarage-med-sadeltak-liggande-panel\/\",\"name\":\"Dubbelgarage med sadeltak liggande panel &#8212; Mellby Garage\",\"isPartOf\":{\"@id\":\"https:\/\/www.mellbygarage.se\/sv\/#website\"},\"datePublished\":\"2012-04-18T17:36:00+00:00\",\"dateModified\":\"2012-04-18T17:36:00+00:00\",\"breadcrumb\":{\"@id\":\"https:\/\/www.mellbygarage.se\/sv\/dubbelgarage-med-sadeltak-liggande-panel\/#breadcrumb\"},\"inLanguage\":\"sv-SE\",\"potentialAction\":[{\"@type\":\"ReadAction\",\"target\":[\"https:\/\/www.mellbygarage.se\/sv\/dubbelgarage-med-sadeltak-liggande-panel\/\"]}]},{\"@type\":\"BreadcrumbList\",\"@id\":\"https:\/\/www.mellbygarage.se\/sv\/dubbelgarage-med-sadeltak-liggande-panel\/#breadcrumb\",\"itemListElement\":[{\"@type\":\"ListItem\",\"position\":1,\"name\":\"Hem\",\"item\":\"https:\/\/www.mellbygarage.se\/sv\/\"},{\"@type\":\"ListItem\",\"position\":2,\"name\":\"Dubbelgarage med sadeltak liggande panel\"}]},{\"@type\":\"WebSite\",\"@id\":\"https:\/\/www.mellbygarage.se\/sv\/#website\",\"url\":\"https:\/\/www.mellbygarage.se\/sv\/\",\"name\":\"Mellby Garage\",\"description\":\"Garage, carport och radgarage med 10 \u00e5rs garanti\",\"potentialAction\":[{\"@type\":\"SearchAction\",\"target\":{\"@type\":\"EntryPoint\",\"urlTemplate\":\"https:\/\/www.mellbygarage.se\/sv\/?s={search_term_string}\"},\"query-input\":\"required name=search_term_string\"}],\"inLanguage\":\"sv-SE\"}]}<\/script>\n<!-- \/ Yoast SEO Premium plugin. -->","yoast_head_json":{"title":"Dubbelgarage med sadeltak liggande panel &#8212; Mellby Garage","robots":{"index":"index","follow":"follow","max-snippet":"max-snippet:-1","max-image-preview":"max-image-preview:large","max-video-preview":"max-video-preview:-1"},"canonical":"https:\/\/www.mellbygarage.se\/sv\/dubbelgarage-med-sadeltak-liggande-panel\/","og_locale":"sv_SE","og_type":"article","og_title":"Dubbelgarage med sadeltak liggande panel","og_description":"Dubbelgarage som med plats f\u00f6r verkstad eller f\u00f6rr\u00e5dsdel b\u00f6r vara 8,4 meter l\u00e5ngt. Bilen beh\u00f6ver ca 6 meter f\u00f6r att enkelt f\u00e5 plats att komma in med denna l\u00e4ngd f\u00e5r du bra utrymme f\u00f6r att kunna arbeta vid en verkstadsb\u00e4nk med bilen i garaget. Alternativt s\u00e4tter man en mellanv\u00e4gg p\u00e5 6 meter och har \u00f6vriga&nbsp; &hellip; L\u00e4s mer","og_url":"https:\/\/www.mellbygarage.se\/sv\/dubbelgarage-med-sadeltak-liggande-panel\/","og_site_name":"Mellby Garage","article_publisher":"https:\/\/www.facebook.com\/mellbygarage","og_image":[{"width":970,"height":728,"url":"https:\/\/www.mellbygarage.se\/wp-content\/uploads\/2017\/12\/c2c88be04f22fd3abf0f3a69c4e9d799497d5013-970x728.jpg","type":"image\/jpeg"}],"twitter_card":"summary_large_image","schema":{"@context":"https:\/\/schema.org","@graph":[{"@type":"WebPage","@id":"https:\/\/www.mellbygarage.se\/sv\/dubbelgarage-med-sadeltak-liggande-panel\/","url":"https:\/\/www.mellbygarage.se\/sv\/dubbelgarage-med-sadeltak-liggande-panel\/","name":"Dubbelgarage med sadeltak liggande panel &#8212; Mellby Garage","isPartOf":{"@id":"https:\/\/www.mellbygarage.se\/sv\/#website"},"datePublished":"2012-04-18T17:36:00+00:00","dateModified":"2012-04-18T17:36:00+00:00","breadcrumb":{"@id":"https:\/\/www.mellbygarage.se\/sv\/dubbelgarage-med-sadeltak-liggande-panel\/#breadcrumb"},"inLanguage":"sv-SE","potentialAction":[{"@type":"ReadAction","target":["https:\/\/www.mellbygarage.se\/sv\/dubbelgarage-med-sadeltak-liggande-panel\/"]}]},{"@type":"BreadcrumbList","@id":"https:\/\/www.mellbygarage.se\/sv\/dubbelgarage-med-sadeltak-liggande-panel\/#breadcrumb","itemListElement":[{"@type":"ListItem","position":1,"name":"Hem","item":"https:\/\/www.mellbygarage.se\/sv\/"},{"@type":"ListItem","position":2,"name":"Dubbelgarage med sadeltak liggande panel"}]},{"@type":"WebSite","@id":"https:\/\/www.mellbygarage.se\/sv\/#website","url":"https:\/\/www.mellbygarage.se\/sv\/","name":"Mellby Garage","description":"Garage, carport och radgarage med 10 \u00e5rs garanti","potentialAction":[{"@type":"SearchAction","target":{"@type":"EntryPoint","urlTemplate":"https:\/\/www.mellbygarage.se\/sv\/?s={search_term_string}"},"query-input":"required name=search_term_string"}],"inLanguage":"sv-SE"}]}},"_links":{"self":[{"href":"https:\/\/www.mellbygarage.se\/sv\/wp-json\/wp\/v2\/pages\/436"}],"collection":[{"href":"https:\/\/www.mellbygarage.se\/sv\/wp-json\/wp\/v2\/pages"}],"about":[{"href":"https:\/\/www.mellbygarage.se\/sv\/wp-json\/wp\/v2\/types\/page"}],"author":[{"embeddable":true,"href":"https:\/\/www.mellbygarage.se\/sv\/wp-json\/wp\/v2\/users\/1"}],"replies":[{"embeddable":true,"href":"https:\/\/www.mellbygarage.se\/sv\/wp-json\/wp\/v2\/comments?post=436"}],"version-history":[{"count":0,"href":"https:\/\/www.mellbygarage.se\/sv\/wp-json\/wp\/v2\/pages\/436\/revisions"}],"wp:featuredmedia":[{"embeddable":true,"href":"https:\/\/www.mellbygarage.se\/sv\/wp-json\/wp\/v2\/media\/414"}],"wp:attachment":[{"href":"https:\/\/www.mellbygarage.se\/sv\/wp-json\/wp\/v2\/media?parent=436"}],"curies":[{"name":"wp","href":"https:\/\/api.w.org\/{rel}","templated":true}]}}