{"id":438,"date":"2012-04-18T19:30:00","date_gmt":"2012-04-18T17:30:00","guid":{"rendered":"\/dubbelgarage-med-25-m-vagghojd-och-roda-garageportar\/"},"modified":"2012-04-18T19:30:00","modified_gmt":"2012-04-18T17:30:00","slug":"dubbelgarage-med-25-m-vagghojd-och-roda-garageportar","status":"publish","type":"page","link":"https:\/\/www.mellbygarage.se\/sv\/dubbelgarage-med-25-m-vagghojd-och-roda-garageportar\/","title":{"rendered":"Dubbelgarage med 2,5 m v\u00e4ggh\u00f6jd och r\u00f6da garageportar"},"content":{"rendered":"<p>Detta <a href=\"\/sv\/villagarage\/dubbelgarage\/\">dubbelgarage<\/a> har f\u00e5ngat m\u00e5ngas \u00f6gon. Det eleganta, klassiska intrycket med r\u00f6da portar och f\u00f6nster och med halvm\u00e5nef\u00f6nster i gavelspets har skapat upm\u00e4rksamhet. Vi har f\u00e5tt f\u00f6rfr\u00e5gningar av flertalet villa- och tr\u00e4dg\u00e5rdstidnignar p\u00e5 att f\u00e5 anv\u00e4nda detta <a href=\"\/sv\/villagarage\/\">garage<\/a> som inspiration till sina l\u00e4sare. M\u00e5nga kunder har \u00e4ven ringt in och velat ha ett liknande <a href=\"\/sv\/villagarage\/\">garage<\/a>.<br \/>Vi vill gratulera v\u00e5r kund till ett riktigt snyggt <a href=\"\/sv\/villagarage\/\">garage<\/a>.<\/p>\n<p>Storlek: 6,3&#215;9,7 m<\/p>\n<p>Taklutning: 27\u00b0<\/p>\n<p>V\u00e4ggh\u00f6jd: 2,5 m<\/p>\n","protected":false},"excerpt":{"rendered":"<p>Detta dubbelgarage har f\u00e5ngat m\u00e5ngas \u00f6gon. Det eleganta, klassiska intrycket med r\u00f6da portar och f\u00f6nster och med halvm\u00e5nef\u00f6nster i gavelspets har skapat upm\u00e4rksamhet. Vi har f\u00e5tt f\u00f6rfr\u00e5gningar av flertalet villa- och tr\u00e4dg\u00e5rdstidnignar p\u00e5 att f\u00e5 anv\u00e4nda detta garage som inspiration till sina l\u00e4sare. M\u00e5nga kunder har \u00e4ven ringt in och velat ha ett liknande garage.Vi&nbsp; <a href=\"https:\/\/www.mellbygarage.se\/sv\/dubbelgarage-med-25-m-vagghojd-och-roda-garageportar\/\">&hellip; L\u00e4s mer <i class=\"fa fa-arrow-right\"><\/i><\/a><\/p>\n","protected":false},"author":1,"featured_media":416,"parent":0,"menu_order":0,"comment_status":"open","ping_status":"open","template":"","meta":[],"acf":[],"yoast_head":"<!-- This site is optimized with the Yoast SEO Premium plugin v19.2.1 (Yoast SEO v21.8.1) - https:\/\/yoast.com\/wordpress\/plugins\/seo\/ -->\n<title>Dubbelgarage med 2,5 m v\u00e4ggh\u00f6jd och r\u00f6da garageportar &#8212; Mellby Garage<\/title>\n<meta name=\"robots\" content=\"index, follow, max-snippet:-1, max-image-preview:large, max-video-preview:-1\" \/>\n<link rel=\"canonical\" href=\"https:\/\/www.mellbygarage.se\/sv\/dubbelgarage-med-25-m-vagghojd-och-roda-garageportar\/\" \/>\n<meta property=\"og:locale\" content=\"sv_SE\" \/>\n<meta property=\"og:type\" content=\"article\" \/>\n<meta property=\"og:title\" content=\"Dubbelgarage med 2,5 m v\u00e4ggh\u00f6jd och r\u00f6da garageportar\" \/>\n<meta property=\"og:description\" content=\"Detta dubbelgarage har f\u00e5ngat m\u00e5ngas \u00f6gon. Det eleganta, klassiska intrycket med r\u00f6da portar och f\u00f6nster och med halvm\u00e5nef\u00f6nster i gavelspets har skapat upm\u00e4rksamhet. Vi har f\u00e5tt f\u00f6rfr\u00e5gningar av flertalet villa- och tr\u00e4dg\u00e5rdstidnignar p\u00e5 att f\u00e5 anv\u00e4nda detta garage som inspiration till sina l\u00e4sare. M\u00e5nga kunder har \u00e4ven ringt in och velat ha ett liknande garage.Vi&nbsp; &hellip; L\u00e4s mer\" \/>\n<meta property=\"og:url\" content=\"https:\/\/www.mellbygarage.se\/sv\/dubbelgarage-med-25-m-vagghojd-och-roda-garageportar\/\" \/>\n<meta property=\"og:site_name\" content=\"Mellby Garage\" \/>\n<meta property=\"article:publisher\" content=\"https:\/\/www.facebook.com\/mellbygarage\" \/>\n<meta property=\"og:image\" content=\"https:\/\/www.mellbygarage.se\/wp-content\/uploads\/2017\/12\/ac2feffea491f6960aa58b2a083772eddd18aeb4.jpg\" \/>\n\t<meta property=\"og:image:width\" content=\"916\" \/>\n\t<meta property=\"og:image:height\" content=\"576\" \/>\n\t<meta property=\"og:image:type\" content=\"image\/jpeg\" \/>\n<meta name=\"twitter:card\" content=\"summary_large_image\" \/>\n<script type=\"application\/ld+json\" class=\"yoast-schema-graph\">{\"@context\":\"https:\/\/schema.org\",\"@graph\":[{\"@type\":\"WebPage\",\"@id\":\"https:\/\/www.mellbygarage.se\/sv\/dubbelgarage-med-25-m-vagghojd-och-roda-garageportar\/\",\"url\":\"https:\/\/www.mellbygarage.se\/sv\/dubbelgarage-med-25-m-vagghojd-och-roda-garageportar\/\",\"name\":\"Dubbelgarage med 2,5 m v\u00e4ggh\u00f6jd och r\u00f6da garageportar &#8212; Mellby Garage\",\"isPartOf\":{\"@id\":\"https:\/\/www.mellbygarage.se\/sv\/#website\"},\"datePublished\":\"2012-04-18T17:30:00+00:00\",\"dateModified\":\"2012-04-18T17:30:00+00:00\",\"breadcrumb\":{\"@id\":\"https:\/\/www.mellbygarage.se\/sv\/dubbelgarage-med-25-m-vagghojd-och-roda-garageportar\/#breadcrumb\"},\"inLanguage\":\"sv-SE\",\"potentialAction\":[{\"@type\":\"ReadAction\",\"target\":[\"https:\/\/www.mellbygarage.se\/sv\/dubbelgarage-med-25-m-vagghojd-och-roda-garageportar\/\"]}]},{\"@type\":\"BreadcrumbList\",\"@id\":\"https:\/\/www.mellbygarage.se\/sv\/dubbelgarage-med-25-m-vagghojd-och-roda-garageportar\/#breadcrumb\",\"itemListElement\":[{\"@type\":\"ListItem\",\"position\":1,\"name\":\"Hem\",\"item\":\"https:\/\/www.mellbygarage.se\/sv\/\"},{\"@type\":\"ListItem\",\"position\":2,\"name\":\"Dubbelgarage med 2,5 m v\u00e4ggh\u00f6jd och r\u00f6da garageportar\"}]},{\"@type\":\"WebSite\",\"@id\":\"https:\/\/www.mellbygarage.se\/sv\/#website\",\"url\":\"https:\/\/www.mellbygarage.se\/sv\/\",\"name\":\"Mellby Garage\",\"description\":\"Garage, carport och radgarage med 10 \u00e5rs garanti\",\"potentialAction\":[{\"@type\":\"SearchAction\",\"target\":{\"@type\":\"EntryPoint\",\"urlTemplate\":\"https:\/\/www.mellbygarage.se\/sv\/?s={search_term_string}\"},\"query-input\":\"required name=search_term_string\"}],\"inLanguage\":\"sv-SE\"}]}<\/script>\n<!-- \/ Yoast SEO Premium plugin. -->","yoast_head_json":{"title":"Dubbelgarage med 2,5 m v\u00e4ggh\u00f6jd och r\u00f6da garageportar &#8212; Mellby Garage","robots":{"index":"index","follow":"follow","max-snippet":"max-snippet:-1","max-image-preview":"max-image-preview:large","max-video-preview":"max-video-preview:-1"},"canonical":"https:\/\/www.mellbygarage.se\/sv\/dubbelgarage-med-25-m-vagghojd-och-roda-garageportar\/","og_locale":"sv_SE","og_type":"article","og_title":"Dubbelgarage med 2,5 m v\u00e4ggh\u00f6jd och r\u00f6da garageportar","og_description":"Detta dubbelgarage har f\u00e5ngat m\u00e5ngas \u00f6gon. Det eleganta, klassiska intrycket med r\u00f6da portar och f\u00f6nster och med halvm\u00e5nef\u00f6nster i gavelspets har skapat upm\u00e4rksamhet. Vi har f\u00e5tt f\u00f6rfr\u00e5gningar av flertalet villa- och tr\u00e4dg\u00e5rdstidnignar p\u00e5 att f\u00e5 anv\u00e4nda detta garage som inspiration till sina l\u00e4sare. M\u00e5nga kunder har \u00e4ven ringt in och velat ha ett liknande garage.Vi&nbsp; &hellip; L\u00e4s mer","og_url":"https:\/\/www.mellbygarage.se\/sv\/dubbelgarage-med-25-m-vagghojd-och-roda-garageportar\/","og_site_name":"Mellby Garage","article_publisher":"https:\/\/www.facebook.com\/mellbygarage","og_image":[{"width":916,"height":576,"url":"https:\/\/www.mellbygarage.se\/wp-content\/uploads\/2017\/12\/ac2feffea491f6960aa58b2a083772eddd18aeb4.jpg","type":"image\/jpeg"}],"twitter_card":"summary_large_image","schema":{"@context":"https:\/\/schema.org","@graph":[{"@type":"WebPage","@id":"https:\/\/www.mellbygarage.se\/sv\/dubbelgarage-med-25-m-vagghojd-och-roda-garageportar\/","url":"https:\/\/www.mellbygarage.se\/sv\/dubbelgarage-med-25-m-vagghojd-och-roda-garageportar\/","name":"Dubbelgarage med 2,5 m v\u00e4ggh\u00f6jd och r\u00f6da garageportar &#8212; Mellby Garage","isPartOf":{"@id":"https:\/\/www.mellbygarage.se\/sv\/#website"},"datePublished":"2012-04-18T17:30:00+00:00","dateModified":"2012-04-18T17:30:00+00:00","breadcrumb":{"@id":"https:\/\/www.mellbygarage.se\/sv\/dubbelgarage-med-25-m-vagghojd-och-roda-garageportar\/#breadcrumb"},"inLanguage":"sv-SE","potentialAction":[{"@type":"ReadAction","target":["https:\/\/www.mellbygarage.se\/sv\/dubbelgarage-med-25-m-vagghojd-och-roda-garageportar\/"]}]},{"@type":"BreadcrumbList","@id":"https:\/\/www.mellbygarage.se\/sv\/dubbelgarage-med-25-m-vagghojd-och-roda-garageportar\/#breadcrumb","itemListElement":[{"@type":"ListItem","position":1,"name":"Hem","item":"https:\/\/www.mellbygarage.se\/sv\/"},{"@type":"ListItem","position":2,"name":"Dubbelgarage med 2,5 m v\u00e4ggh\u00f6jd och r\u00f6da garageportar"}]},{"@type":"WebSite","@id":"https:\/\/www.mellbygarage.se\/sv\/#website","url":"https:\/\/www.mellbygarage.se\/sv\/","name":"Mellby Garage","description":"Garage, carport och radgarage med 10 \u00e5rs garanti","potentialAction":[{"@type":"SearchAction","target":{"@type":"EntryPoint","urlTemplate":"https:\/\/www.mellbygarage.se\/sv\/?s={search_term_string}"},"query-input":"required name=search_term_string"}],"inLanguage":"sv-SE"}]}},"_links":{"self":[{"href":"https:\/\/www.mellbygarage.se\/sv\/wp-json\/wp\/v2\/pages\/438"}],"collection":[{"href":"https:\/\/www.mellbygarage.se\/sv\/wp-json\/wp\/v2\/pages"}],"about":[{"href":"https:\/\/www.mellbygarage.se\/sv\/wp-json\/wp\/v2\/types\/page"}],"author":[{"embeddable":true,"href":"https:\/\/www.mellbygarage.se\/sv\/wp-json\/wp\/v2\/users\/1"}],"replies":[{"embeddable":true,"href":"https:\/\/www.mellbygarage.se\/sv\/wp-json\/wp\/v2\/comments?post=438"}],"version-history":[{"count":0,"href":"https:\/\/www.mellbygarage.se\/sv\/wp-json\/wp\/v2\/pages\/438\/revisions"}],"wp:featuredmedia":[{"embeddable":true,"href":"https:\/\/www.mellbygarage.se\/sv\/wp-json\/wp\/v2\/media\/416"}],"wp:attachment":[{"href":"https:\/\/www.mellbygarage.se\/sv\/wp-json\/wp\/v2\/media?parent=438"}],"curies":[{"name":"wp","href":"https:\/\/api.w.org\/{rel}","templated":true}]}}