{"id":455,"date":"2012-03-27T17:21:00","date_gmt":"2012-03-27T15:21:00","guid":{"rendered":"\/vagen-till-ditt-nya-garage\/"},"modified":"2019-04-09T08:38:24","modified_gmt":"2019-04-09T06:38:24","slug":"vagen-till-ditt-nya-garage","status":"publish","type":"page","link":"https:\/\/www.mellbygarage.se\/sv\/vagen-till-ditt-nya-garage\/","title":{"rendered":"V\u00e4gen till ditt nya garage"},"content":{"rendered":"<p>N\u00e4r ni funderar p\u00e5 att bygga ett garage eller carport, ring oss g\u00e4rna s\u00e5 tidigt som m\u00f6jligt.<\/p>\n<p>Ett v\u00e4lplanerat garage blir s\u00e5 mycket mer \u00e4n en f\u00f6rvaringsplats f\u00f6r bilen. H\u00e4r kan ni f\u00e5 plats f\u00f6r till exempel f\u00f6rvaring, familjens hobbys och en v\u00e4ders\u00e4krad festlokal. <a href=\"https:\/\/www.mellbygarage.se\/sv\/om-oss\/kontakta-oss\/\">Kontakta oss s\u00e5 hj\u00e4lper vi dig.<\/a> <\/p>\n<h3>Vilket ansvar har du?<\/h3>\n<p>Bygglagstiftningen g\u00e4ller \u00e4ven mindre byggnader som garage. Du som k\u00f6pare av ett garage r\u00e4knas som byggherre och har d\u00e4rmed det yttersta ansvaret f\u00f6r att byggnaden uppfyller g\u00e4llande bygglagstiftning och byggnormer. Om byggnaden inte uppfyller dessa lagar kan det leda till dryga b\u00f6ter, att f\u00f6rs\u00e4kringen inte t\u00e4cker byggnaden eller skador orsakade av den felaktiga byggnaden och i v\u00e4rsta fall att byggnaden rasar. Det \u00e4r d\u00e4rf\u00f6r viktigt att v\u00e4lja en leverant\u00f6r med kunskap och erfarenhet. Mellby Garage \u00e4r det enda f\u00f6retaget i branschen som aktivt hj\u00e4lper dig som kund att uppfylla detta ansvar. Vi l\u00e4mnar alltid skriftlig garanti p\u00e5 att det f\u00e4rdiga garaget uppfyller g\u00e4llande bygglagstiftning och byggnormer.<\/p>\n<h3>F\u00f6rfr\u00e5gan<\/h3>\n<p>N\u00e4r du ska b\u00f6rja planera ditt garageprojekt, ring oss s\u00e5 tidigt som m\u00f6jligt f\u00f6r att vi ska kunna hj\u00e4lpa dig att ta fram den b\u00e4sta l\u00f6sningen f\u00f6r just dig och dina\/era behov. Ring oss p\u00e5 0322-418 00. Du kan \u00e4ven g\u00f6ra en <a href=\"\/sv\/villagarage\/offertforfragan\/\">offertf\u00f6rfr\u00e5gan<\/a> h\u00e4r p\u00e5 v\u00e5r hemsida.<\/p>\n<h3>Offert<\/h3>\n<p>N\u00e4r vi f\u00e5tt er f\u00f6rfr\u00e5gan tar vi fram en l\u00f6sning f\u00f6r ert garage och skickar en offert med materialbeskrivning. N\u00e4r du f\u00e5r en offert fr\u00e5n Mellby Garage kan du k\u00e4nna dig trygg med att allt \u00e4r inkluderat du kommer inte att beh\u00f6va komplettera med n\u00e5gonting. Komplett in till sista spik!<\/p>\n<h3>Prisgaranti<\/h3>\n<p>Vi vet att vi har det b\u00e4sta priset f\u00f6r ett komplett, godk\u00e4nt garage och l\u00e4mnar d\u00e4rf\u00f6r prisgaranti. Hittar du n\u00e5got annat likv\u00e4rdigt garage billigare st\u00e5r vi f\u00f6r mellanskillnaden och l\u00e4mnar dessutom 10% av mellanskillnaden i ytterligare rabatt. L\u00e4s mer om v\u00e5r <a href=\"\/sv\/bygga-garage\/vara-garantier\/prisgaranti\/\">prisgaranti<\/a>.<\/p>\n<h3>Best\u00e4llning<\/h3>\n<p>N\u00e4r ni k\u00e4nner er n\u00f6jda med ert garage g\u00f6r ni en best\u00e4llning, varp\u00e5 vi tar fram ett avtal med g\u00e4llande materialbeskrivning. L\u00e4s igenom avtalet f\u00f6r att se att allt st\u00e4mmer, underteckna och skicka in det i bifogat, frankerat kuvert tillsammans med underlag f\u00f6r bygglov alternativt befintligt bygglov (se nedan).<\/p>\n<p>N\u00e4r vi f\u00e5tt undertecknat avtal med tillh\u00f6rande handlingar tar vi fram ritningar och bygglovsunderlag och skickar till dig f\u00f6r underskrift och vidarebefordran till kommunens bygglovsavdelning. <\/p>\n<h3>Bygglov<\/h3>\n<p>F\u00f6r att vi ska kunna ta fram underlag f\u00f6r bygglov ber vi er bifoga nybyggnadskarta och detaljplan om s\u00e5dan finns. Detta best\u00e4lls av kommunen. Ska byggnaden placeras n\u00e4rmare tomtgr\u00e4ns \u00e4n 4m kr\u00e4vs dessutom medgivande fr\u00e5n ber\u00f6rd granne. Bifoga i s\u00e5dant fall en kopia p\u00e5 signerat medgivande.<\/p>\n<p><strong>Om bygglov redan finns<\/strong> ber vi dig bifoga en kopia p\u00e5 bygglovet f\u00f6r att vi ska kunna ta h\u00e4nsyn till detta vid konstruktion. <\/p>\n<h3>Leveransavrop<\/h3>\n<p>N\u00e4r bygglovet \u00e4r klart skickar ni in \u201dLeveransavrop\u201d till oss tillsammans med bygglovet och signerade ritningar och f\u00e5r en leveransbekr\u00e4ftelse med tid f\u00f6r leverans.<\/p>\n<p>Ni kan g\u00f6ra \u00e4ndringar i utf\u00f6randet fram till dess att ni skickat leveransavropet.<\/p>\n<h3>Leverans<\/h3>\n<p>Om ni best\u00e4llt grundpaket av oss sker leverans av detta f\u00f6re garageleveransen enligt avtal med er.<\/p>\n<p>N\u00e4r dagen \u00e4r inne f\u00f6r leverans av ert garage sker leverans till avtalad plats. Ni kan v\u00e4lja att f\u00e5 ert garage levererat olossat, vilket inneb\u00e4r manuell eller maskinell lossningshj\u00e4lp fr\u00e5n mottagaren eller lossat med kranbil. Byggelementen kan tv\u00e5 man hantera. Lyfthj\u00e4lp, t ex lastbilskran f\u00f6r takstolar och takpannor, underl\u00e4ttar givetvis vid de st\u00f6rre modellerna. Betongpannor levereras direkt fr\u00e5n tillverkaren och kommer p\u00e5 en separat transport. Oftast levereras takpannorna inte samma dag som garaget f\u00f6r att ni skall ha mer plats vid bygget. Vi har skickat ritningar och monteringsinstruktioner till er i f\u00f6rv\u00e4g f\u00f6r att ni ska ha tid att g\u00e5 igenom dessa eller vidarebefordra till snickare om ni anlitat en s\u00e5dan.<\/p>\n<h3>Under bygget<\/h3>\n<p>Vi finns tillg\u00e4ngliga f\u00f6r er om ni har n\u00e5gra fr\u00e5gor under byggnationen av garaget. Ring oss g\u00e4rna s\u00e5 hj\u00e4lper vi er!<\/p>\n<p>Som kund hos oss kan du k\u00e4nna dig trygg.<\/p>\n","protected":false},"excerpt":{"rendered":"<p>N\u00e4r ni funderar p\u00e5 att bygga ett garage eller carport, ring oss g\u00e4rna s\u00e5 tidigt som m\u00f6jligt. Ett v\u00e4lplanerat garage blir s\u00e5 mycket mer \u00e4n en f\u00f6rvaringsplats f\u00f6r bilen. H\u00e4r kan ni f\u00e5 plats f\u00f6r till exempel f\u00f6rvaring, familjens hobbys och en v\u00e4ders\u00e4krad festlokal. Kontakta oss s\u00e5 hj\u00e4lper vi dig. Vilket ansvar har du? Bygglagstiftningen&nbsp; <a href=\"https:\/\/www.mellbygarage.se\/sv\/vagen-till-ditt-nya-garage\/\">&hellip; L\u00e4s mer <i class=\"fa fa-arrow-right\"><\/i><\/a><\/p>\n","protected":false},"author":1,"featured_media":52741,"parent":0,"menu_order":0,"comment_status":"open","ping_status":"open","template":"page-templates\/text-page.php","meta":[],"acf":[],"yoast_head":"<!-- This site is optimized with the Yoast SEO Premium plugin v19.2.1 (Yoast SEO v21.8.1) - https:\/\/yoast.com\/wordpress\/plugins\/seo\/ -->\n<title>V\u00e4gen till ditt nya garage &#8212; Mellby Garage<\/title>\n<meta name=\"robots\" content=\"index, follow, max-snippet:-1, max-image-preview:large, max-video-preview:-1\" \/>\n<link rel=\"canonical\" href=\"https:\/\/www.mellbygarage.se\/sv\/vagen-till-ditt-nya-garage\/\" \/>\n<meta property=\"og:locale\" content=\"sv_SE\" \/>\n<meta property=\"og:type\" content=\"article\" \/>\n<meta property=\"og:title\" content=\"V\u00e4gen till ditt nya garage\" \/>\n<meta property=\"og:description\" content=\"N\u00e4r ni funderar p\u00e5 att bygga ett garage eller carport, ring oss g\u00e4rna s\u00e5 tidigt som m\u00f6jligt. Ett v\u00e4lplanerat garage blir s\u00e5 mycket mer \u00e4n en f\u00f6rvaringsplats f\u00f6r bilen. H\u00e4r kan ni f\u00e5 plats f\u00f6r till exempel f\u00f6rvaring, familjens hobbys och en v\u00e4ders\u00e4krad festlokal. Kontakta oss s\u00e5 hj\u00e4lper vi dig. Vilket ansvar har du? Bygglagstiftningen&nbsp; &hellip; L\u00e4s mer\" \/>\n<meta property=\"og:url\" content=\"https:\/\/www.mellbygarage.se\/sv\/vagen-till-ditt-nya-garage\/\" \/>\n<meta property=\"og:site_name\" content=\"Mellby Garage\" \/>\n<meta property=\"article:publisher\" content=\"https:\/\/www.facebook.com\/mellbygarage\" \/>\n<meta property=\"article:modified_time\" content=\"2019-04-09T06:38:24+00:00\" \/>\n<meta property=\"og:image\" content=\"https:\/\/www.mellbygarage.se\/wp-content\/uploads\/2019\/01\/47189867_1884348545018699_6316700293052497920_o.jpg\" \/>\n\t<meta property=\"og:image:width\" content=\"1988\" \/>\n\t<meta property=\"og:image:height\" content=\"1491\" \/>\n\t<meta property=\"og:image:type\" content=\"image\/jpeg\" \/>\n<meta name=\"twitter:card\" content=\"summary_large_image\" \/>\n<meta name=\"twitter:label1\" content=\"Ber\u00e4knad l\u00e4stid\" \/>\n\t<meta name=\"twitter:data1\" content=\"4 minuter\" \/>\n<script type=\"application\/ld+json\" class=\"yoast-schema-graph\">{\"@context\":\"https:\/\/schema.org\",\"@graph\":[{\"@type\":\"WebPage\",\"@id\":\"https:\/\/www.mellbygarage.se\/sv\/vagen-till-ditt-nya-garage\/\",\"url\":\"https:\/\/www.mellbygarage.se\/sv\/vagen-till-ditt-nya-garage\/\",\"name\":\"V\u00e4gen till ditt nya garage &#8212; Mellby Garage\",\"isPartOf\":{\"@id\":\"https:\/\/www.mellbygarage.se\/sv\/#website\"},\"datePublished\":\"2012-03-27T15:21:00+00:00\",\"dateModified\":\"2019-04-09T06:38:24+00:00\",\"breadcrumb\":{\"@id\":\"https:\/\/www.mellbygarage.se\/sv\/vagen-till-ditt-nya-garage\/#breadcrumb\"},\"inLanguage\":\"sv-SE\",\"potentialAction\":[{\"@type\":\"ReadAction\",\"target\":[\"https:\/\/www.mellbygarage.se\/sv\/vagen-till-ditt-nya-garage\/\"]}]},{\"@type\":\"BreadcrumbList\",\"@id\":\"https:\/\/www.mellbygarage.se\/sv\/vagen-till-ditt-nya-garage\/#breadcrumb\",\"itemListElement\":[{\"@type\":\"ListItem\",\"position\":1,\"name\":\"Hem\",\"item\":\"https:\/\/www.mellbygarage.se\/sv\/\"},{\"@type\":\"ListItem\",\"position\":2,\"name\":\"V\u00e4gen till ditt nya garage\"}]},{\"@type\":\"WebSite\",\"@id\":\"https:\/\/www.mellbygarage.se\/sv\/#website\",\"url\":\"https:\/\/www.mellbygarage.se\/sv\/\",\"name\":\"Mellby Garage\",\"description\":\"Garage, carport och radgarage med 10 \u00e5rs garanti\",\"potentialAction\":[{\"@type\":\"SearchAction\",\"target\":{\"@type\":\"EntryPoint\",\"urlTemplate\":\"https:\/\/www.mellbygarage.se\/sv\/?s={search_term_string}\"},\"query-input\":\"required name=search_term_string\"}],\"inLanguage\":\"sv-SE\"}]}<\/script>\n<!-- \/ Yoast SEO Premium plugin. -->","yoast_head_json":{"title":"V\u00e4gen till ditt nya garage &#8212; Mellby Garage","robots":{"index":"index","follow":"follow","max-snippet":"max-snippet:-1","max-image-preview":"max-image-preview:large","max-video-preview":"max-video-preview:-1"},"canonical":"https:\/\/www.mellbygarage.se\/sv\/vagen-till-ditt-nya-garage\/","og_locale":"sv_SE","og_type":"article","og_title":"V\u00e4gen till ditt nya garage","og_description":"N\u00e4r ni funderar p\u00e5 att bygga ett garage eller carport, ring oss g\u00e4rna s\u00e5 tidigt som m\u00f6jligt. Ett v\u00e4lplanerat garage blir s\u00e5 mycket mer \u00e4n en f\u00f6rvaringsplats f\u00f6r bilen. H\u00e4r kan ni f\u00e5 plats f\u00f6r till exempel f\u00f6rvaring, familjens hobbys och en v\u00e4ders\u00e4krad festlokal. Kontakta oss s\u00e5 hj\u00e4lper vi dig. Vilket ansvar har du? Bygglagstiftningen&nbsp; &hellip; L\u00e4s mer","og_url":"https:\/\/www.mellbygarage.se\/sv\/vagen-till-ditt-nya-garage\/","og_site_name":"Mellby Garage","article_publisher":"https:\/\/www.facebook.com\/mellbygarage","article_modified_time":"2019-04-09T06:38:24+00:00","og_image":[{"width":1988,"height":1491,"url":"https:\/\/www.mellbygarage.se\/wp-content\/uploads\/2019\/01\/47189867_1884348545018699_6316700293052497920_o.jpg","type":"image\/jpeg"}],"twitter_card":"summary_large_image","twitter_misc":{"Ber\u00e4knad l\u00e4stid":"4 minuter"},"schema":{"@context":"https:\/\/schema.org","@graph":[{"@type":"WebPage","@id":"https:\/\/www.mellbygarage.se\/sv\/vagen-till-ditt-nya-garage\/","url":"https:\/\/www.mellbygarage.se\/sv\/vagen-till-ditt-nya-garage\/","name":"V\u00e4gen till ditt nya garage &#8212; Mellby Garage","isPartOf":{"@id":"https:\/\/www.mellbygarage.se\/sv\/#website"},"datePublished":"2012-03-27T15:21:00+00:00","dateModified":"2019-04-09T06:38:24+00:00","breadcrumb":{"@id":"https:\/\/www.mellbygarage.se\/sv\/vagen-till-ditt-nya-garage\/#breadcrumb"},"inLanguage":"sv-SE","potentialAction":[{"@type":"ReadAction","target":["https:\/\/www.mellbygarage.se\/sv\/vagen-till-ditt-nya-garage\/"]}]},{"@type":"BreadcrumbList","@id":"https:\/\/www.mellbygarage.se\/sv\/vagen-till-ditt-nya-garage\/#breadcrumb","itemListElement":[{"@type":"ListItem","position":1,"name":"Hem","item":"https:\/\/www.mellbygarage.se\/sv\/"},{"@type":"ListItem","position":2,"name":"V\u00e4gen till ditt nya garage"}]},{"@type":"WebSite","@id":"https:\/\/www.mellbygarage.se\/sv\/#website","url":"https:\/\/www.mellbygarage.se\/sv\/","name":"Mellby Garage","description":"Garage, carport och radgarage med 10 \u00e5rs garanti","potentialAction":[{"@type":"SearchAction","target":{"@type":"EntryPoint","urlTemplate":"https:\/\/www.mellbygarage.se\/sv\/?s={search_term_string}"},"query-input":"required name=search_term_string"}],"inLanguage":"sv-SE"}]}},"_links":{"self":[{"href":"https:\/\/www.mellbygarage.se\/sv\/wp-json\/wp\/v2\/pages\/455"}],"collection":[{"href":"https:\/\/www.mellbygarage.se\/sv\/wp-json\/wp\/v2\/pages"}],"about":[{"href":"https:\/\/www.mellbygarage.se\/sv\/wp-json\/wp\/v2\/types\/page"}],"author":[{"embeddable":true,"href":"https:\/\/www.mellbygarage.se\/sv\/wp-json\/wp\/v2\/users\/1"}],"replies":[{"embeddable":true,"href":"https:\/\/www.mellbygarage.se\/sv\/wp-json\/wp\/v2\/comments?post=455"}],"version-history":[{"count":2,"href":"https:\/\/www.mellbygarage.se\/sv\/wp-json\/wp\/v2\/pages\/455\/revisions"}],"predecessor-version":[{"id":53428,"href":"https:\/\/www.mellbygarage.se\/sv\/wp-json\/wp\/v2\/pages\/455\/revisions\/53428"}],"wp:featuredmedia":[{"embeddable":true,"href":"https:\/\/www.mellbygarage.se\/sv\/wp-json\/wp\/v2\/media\/52741"}],"wp:attachment":[{"href":"https:\/\/www.mellbygarage.se\/sv\/wp-json\/wp\/v2\/media?parent=455"}],"curies":[{"name":"wp","href":"https:\/\/api.w.org\/{rel}","templated":true}]}}