{"id":53495,"date":"2019-04-10T17:00:21","date_gmt":"2019-04-10T15:00:21","guid":{"rendered":"https:\/\/www.mellbygarage.se\/?page_id=53495"},"modified":"2019-04-11T20:34:34","modified_gmt":"2019-04-11T18:34:34","slug":"crawford","status":"publish","type":"page","link":"https:\/\/www.mellbygarage.se\/sv\/crawford\/","title":{"rendered":"Crawford garageportar"},"content":{"rendered":"<p class=\"lead\">Crawford erbjuder moderna garageportar och smarta tillbeh\u00f6r.<\/p>\n<p>Crawfords garageportar kan ge ett starkt visuellt uttryck, diskret sm\u00e4lta in i arkitekturen eller helt enkelt ha ett funktionellt syfte, som du kan lita fullst\u00e4ndigt p\u00e5. Oavsett den visuella aspekten kommer du ocks\u00e5 att vilja ha s\u00e4kerhet, anv\u00e4ndarv\u00e4nlighet och bekv\u00e4ma extrafunktioner. D\u00e4rf\u00f6r erbjuder Crawford inte bara ett brett utbud av modeller, f\u00e4rger, utf\u00f6randen och individuella designelement, de har funktioner som \u00e4r branschledande, s\u00e4kra l\u00e5s, inbrottsskydd och anv\u00e4ndarv\u00e4nlighet. Design, teknik och hantverk \u2013 h\u00e4r hittar du v\u00e5rt utbud.<\/p>\n","protected":false},"excerpt":{"rendered":"<p>Crawford erbjuder moderna garageportar och smarta tillbeh\u00f6r. Crawfords garageportar kan ge ett starkt visuellt uttryck, diskret sm\u00e4lta in i arkitekturen eller helt enkelt ha ett funktionellt syfte, som du kan lita fullst\u00e4ndigt p\u00e5. Oavsett den visuella aspekten kommer du ocks\u00e5 att vilja ha s\u00e4kerhet, anv\u00e4ndarv\u00e4nlighet och bekv\u00e4ma extrafunktioner. D\u00e4rf\u00f6r erbjuder Crawford inte bara ett brett&nbsp; <a href=\"https:\/\/www.mellbygarage.se\/sv\/crawford\/\">&hellip; L\u00e4s mer <i class=\"fa fa-arrow-right\"><\/i><\/a><\/p>\n","protected":false},"author":6,"featured_media":0,"parent":0,"menu_order":0,"comment_status":"closed","ping_status":"closed","template":"page-templates\/block.php","meta":[],"acf":[],"yoast_head":"<!-- This site is optimized with the Yoast SEO Premium plugin v19.2.1 (Yoast SEO v21.8.1) - https:\/\/yoast.com\/wordpress\/plugins\/seo\/ -->\n<title>Crawford garageportar - Utvecklade f\u00f6r ett nordiskt klimat&#8212; Mellby Garage<\/title>\n<meta name=\"description\" content=\"Crawford garageportar - svenskutvecklade f\u00f6r ett nordiskt klimat. Porten kan diskret sm\u00e4lta in i arkitekturen eller ha ett funktionellt syfte.\" \/>\n<meta name=\"robots\" content=\"index, follow, max-snippet:-1, max-image-preview:large, max-video-preview:-1\" \/>\n<link rel=\"canonical\" href=\"https:\/\/www.mellbygarage.se\/sv\/crawford\/\" \/>\n<meta property=\"og:locale\" content=\"sv_SE\" \/>\n<meta property=\"og:type\" content=\"article\" \/>\n<meta property=\"og:title\" content=\"Crawford garageportar\" \/>\n<meta property=\"og:description\" content=\"Crawford garageportar - svenskutvecklade f\u00f6r ett nordiskt klimat. Porten kan diskret sm\u00e4lta in i arkitekturen eller ha ett funktionellt syfte.\" \/>\n<meta property=\"og:url\" content=\"https:\/\/www.mellbygarage.se\/sv\/crawford\/\" \/>\n<meta property=\"og:site_name\" content=\"Mellby Garage\" \/>\n<meta property=\"article:publisher\" content=\"https:\/\/www.facebook.com\/mellbygarage\" \/>\n<meta property=\"article:modified_time\" content=\"2019-04-11T18:34:34+00:00\" \/>\n<meta name=\"twitter:card\" content=\"summary_large_image\" \/>\n<meta name=\"twitter:label1\" content=\"Ber\u00e4knad l\u00e4stid\" \/>\n\t<meta name=\"twitter:data1\" content=\"1 minut\" \/>\n<script type=\"application\/ld+json\" class=\"yoast-schema-graph\">{\"@context\":\"https:\/\/schema.org\",\"@graph\":[{\"@type\":\"WebPage\",\"@id\":\"https:\/\/www.mellbygarage.se\/sv\/crawford\/\",\"url\":\"https:\/\/www.mellbygarage.se\/sv\/crawford\/\",\"name\":\"Crawford garageportar - Utvecklade f\u00f6r ett nordiskt klimat&#8212; Mellby Garage\",\"isPartOf\":{\"@id\":\"https:\/\/www.mellbygarage.se\/sv\/#website\"},\"datePublished\":\"2019-04-10T15:00:21+00:00\",\"dateModified\":\"2019-04-11T18:34:34+00:00\",\"description\":\"Crawford garageportar - svenskutvecklade f\u00f6r ett nordiskt klimat. Porten kan diskret sm\u00e4lta in i arkitekturen eller ha ett funktionellt syfte.\",\"breadcrumb\":{\"@id\":\"https:\/\/www.mellbygarage.se\/sv\/crawford\/#breadcrumb\"},\"inLanguage\":\"sv-SE\",\"potentialAction\":[{\"@type\":\"ReadAction\",\"target\":[\"https:\/\/www.mellbygarage.se\/sv\/crawford\/\"]}]},{\"@type\":\"BreadcrumbList\",\"@id\":\"https:\/\/www.mellbygarage.se\/sv\/crawford\/#breadcrumb\",\"itemListElement\":[{\"@type\":\"ListItem\",\"position\":1,\"name\":\"Hem\",\"item\":\"https:\/\/www.mellbygarage.se\/sv\/\"},{\"@type\":\"ListItem\",\"position\":2,\"name\":\"Crawford garageportar\"}]},{\"@type\":\"WebSite\",\"@id\":\"https:\/\/www.mellbygarage.se\/sv\/#website\",\"url\":\"https:\/\/www.mellbygarage.se\/sv\/\",\"name\":\"Mellby Garage\",\"description\":\"Garage, carport och radgarage med 10 \u00e5rs garanti\",\"potentialAction\":[{\"@type\":\"SearchAction\",\"target\":{\"@type\":\"EntryPoint\",\"urlTemplate\":\"https:\/\/www.mellbygarage.se\/sv\/?s={search_term_string}\"},\"query-input\":\"required name=search_term_string\"}],\"inLanguage\":\"sv-SE\"}]}<\/script>\n<!-- \/ Yoast SEO Premium plugin. -->","yoast_head_json":{"title":"Crawford garageportar - Utvecklade f\u00f6r ett nordiskt klimat&#8212; Mellby Garage","description":"Crawford garageportar - svenskutvecklade f\u00f6r ett nordiskt klimat. Porten kan diskret sm\u00e4lta in i arkitekturen eller ha ett funktionellt syfte.","robots":{"index":"index","follow":"follow","max-snippet":"max-snippet:-1","max-image-preview":"max-image-preview:large","max-video-preview":"max-video-preview:-1"},"canonical":"https:\/\/www.mellbygarage.se\/sv\/crawford\/","og_locale":"sv_SE","og_type":"article","og_title":"Crawford garageportar","og_description":"Crawford garageportar - svenskutvecklade f\u00f6r ett nordiskt klimat. Porten kan diskret sm\u00e4lta in i arkitekturen eller ha ett funktionellt syfte.","og_url":"https:\/\/www.mellbygarage.se\/sv\/crawford\/","og_site_name":"Mellby Garage","article_publisher":"https:\/\/www.facebook.com\/mellbygarage","article_modified_time":"2019-04-11T18:34:34+00:00","twitter_card":"summary_large_image","twitter_misc":{"Ber\u00e4knad l\u00e4stid":"1 minut"},"schema":{"@context":"https:\/\/schema.org","@graph":[{"@type":"WebPage","@id":"https:\/\/www.mellbygarage.se\/sv\/crawford\/","url":"https:\/\/www.mellbygarage.se\/sv\/crawford\/","name":"Crawford garageportar - Utvecklade f\u00f6r ett nordiskt klimat&#8212; Mellby Garage","isPartOf":{"@id":"https:\/\/www.mellbygarage.se\/sv\/#website"},"datePublished":"2019-04-10T15:00:21+00:00","dateModified":"2019-04-11T18:34:34+00:00","description":"Crawford garageportar - svenskutvecklade f\u00f6r ett nordiskt klimat. Porten kan diskret sm\u00e4lta in i arkitekturen eller ha ett funktionellt syfte.","breadcrumb":{"@id":"https:\/\/www.mellbygarage.se\/sv\/crawford\/#breadcrumb"},"inLanguage":"sv-SE","potentialAction":[{"@type":"ReadAction","target":["https:\/\/www.mellbygarage.se\/sv\/crawford\/"]}]},{"@type":"BreadcrumbList","@id":"https:\/\/www.mellbygarage.se\/sv\/crawford\/#breadcrumb","itemListElement":[{"@type":"ListItem","position":1,"name":"Hem","item":"https:\/\/www.mellbygarage.se\/sv\/"},{"@type":"ListItem","position":2,"name":"Crawford garageportar"}]},{"@type":"WebSite","@id":"https:\/\/www.mellbygarage.se\/sv\/#website","url":"https:\/\/www.mellbygarage.se\/sv\/","name":"Mellby Garage","description":"Garage, carport och radgarage med 10 \u00e5rs garanti","potentialAction":[{"@type":"SearchAction","target":{"@type":"EntryPoint","urlTemplate":"https:\/\/www.mellbygarage.se\/sv\/?s={search_term_string}"},"query-input":"required name=search_term_string"}],"inLanguage":"sv-SE"}]}},"_links":{"self":[{"href":"https:\/\/www.mellbygarage.se\/sv\/wp-json\/wp\/v2\/pages\/53495"}],"collection":[{"href":"https:\/\/www.mellbygarage.se\/sv\/wp-json\/wp\/v2\/pages"}],"about":[{"href":"https:\/\/www.mellbygarage.se\/sv\/wp-json\/wp\/v2\/types\/page"}],"author":[{"embeddable":true,"href":"https:\/\/www.mellbygarage.se\/sv\/wp-json\/wp\/v2\/users\/6"}],"replies":[{"embeddable":true,"href":"https:\/\/www.mellbygarage.se\/sv\/wp-json\/wp\/v2\/comments?post=53495"}],"version-history":[{"count":31,"href":"https:\/\/www.mellbygarage.se\/sv\/wp-json\/wp\/v2\/pages\/53495\/revisions"}],"predecessor-version":[{"id":53547,"href":"https:\/\/www.mellbygarage.se\/sv\/wp-json\/wp\/v2\/pages\/53495\/revisions\/53547"}],"wp:attachment":[{"href":"https:\/\/www.mellbygarage.se\/sv\/wp-json\/wp\/v2\/media?parent=53495"}],"curies":[{"name":"wp","href":"https:\/\/api.w.org\/{rel}","templated":true}]}}