{"id":55224,"date":"2019-10-23T13:53:22","date_gmt":"2019-10-23T11:53:22","guid":{"rendered":"https:\/\/www.mellbygarage.se\/?page_id=55224"},"modified":"2019-11-08T11:08:32","modified_gmt":"2019-11-08T10:08:32","slug":"pulpettak","status":"publish","type":"page","link":"https:\/\/www.mellbygarage.se\/sv\/bygga-garage\/ingaende-material\/taktyp\/pulpettak\/","title":{"rendered":"Pulpettak"},"content":{"rendered":"<p>Pulpettak \u00e4r en taktyp d\u00e4r taket lutar \u00e5t ett h\u00e5ll. Pulepttaket passar b\u00e4sta n\u00e4r du bygger garage eller carport till ett hus med en liknande taktyp eller om du vill att sn\u00f6n skall falla ner p\u00e5 bara ena sidan byggnaden. Det kan vara bra om du till exempel bygger n\u00e4ra granntomten men vill bespara dem sn\u00f6ras. Pulpettaket har en taklutning om 14\u00b0.<\/p>\n<h2 class=\"mt-1 mb-4\">Pulpettak fungerar till f\u00f6ljande byggnader:<\/h2>\n<p><a class=\"arrow\" href=\"https:\/\/www.mellbygarage.se\/sv\/villagarage\/enkelgarage\/enkelgarage-med-pulpettak-14\/\">Enkelgarage<\/a><br \/>\n<a class=\"arrow\" href=\"https:\/\/www.mellbygarage.se\/sv\/villagarage\/dubbelgarage\/dubbelgarage-med-pulpettak-14\/\">Dubbelgarage<\/a><br \/>\n<a class=\"arrow\" href=\"https:\/\/www.mellbygarage.se\/sv\/carport\/carport\/\">Carport<\/a><br \/>\n<a class=\"arrow\" href=\"https:\/\/www.mellbygarage.se\/sv\/carport\/carport-med-forrad\/\">Carport med f\u00f6rr\u00e5d<\/a><br \/>\n<a class=\"arrow\" href=\"https:\/\/www.mellbygarage.se\/sv\/carport\/carport-med-garage\/\">Carport med garage<\/a><br \/>\n<a class=\"arrow\" href=\"https:\/\/www.mellbygarage.se\/sv\/carport\/carport-med-garage-och-forrad\/\">Carport med garage och f\u00f6rr\u00e5d<\/a><br \/>\n<a class=\"arrow\" href=\"https:\/\/www.mellbygarage.se\/sv\/carport\/carport-med-garage-bakom\/\">Carport med garage bakom<\/a><\/p>\n","protected":false},"excerpt":{"rendered":"<p>Pulpettak \u00e4r en taktyp d\u00e4r taket lutar \u00e5t ett h\u00e5ll. Pulepttaket passar b\u00e4sta n\u00e4r du bygger garage eller carport till ett hus med en liknande taktyp eller om du vill att sn\u00f6n skall falla ner p\u00e5 bara ena sidan byggnaden. Det kan vara bra om du till exempel bygger n\u00e4ra granntomten men vill bespara dem&nbsp; <a href=\"https:\/\/www.mellbygarage.se\/sv\/bygga-garage\/ingaende-material\/taktyp\/pulpettak\/\">&hellip; L\u00e4s mer <i class=\"fa fa-arrow-right\"><\/i><\/a><\/p>\n","protected":false},"author":6,"featured_media":718,"parent":55202,"menu_order":40,"comment_status":"closed","ping_status":"closed","template":"page-templates\/text-page.php","meta":[],"acf":[],"yoast_head":"<!-- This site is optimized with the Yoast SEO Premium plugin v19.2.1 (Yoast SEO v21.8.1) - https:\/\/yoast.com\/wordpress\/plugins\/seo\/ -->\n<title>Pulpettak &#8212; Mellby Garage<\/title>\n<meta name=\"description\" content=\"Med Pulpettak f\u00e5r du en modern funkisstil d\u00e4r du kan skapa ett annorlunda garage med val av f\u00f6nster, garageport och panel.\" \/>\n<meta name=\"robots\" content=\"index, follow, max-snippet:-1, max-image-preview:large, max-video-preview:-1\" \/>\n<link rel=\"canonical\" href=\"https:\/\/www.mellbygarage.se\/sv\/bygga-garage\/ingaende-material\/taktyp\/pulpettak\/\" \/>\n<meta property=\"og:locale\" content=\"sv_SE\" \/>\n<meta property=\"og:type\" content=\"article\" \/>\n<meta property=\"og:title\" content=\"Pulpettak\" \/>\n<meta property=\"og:description\" content=\"Med Pulpettak f\u00e5r du en modern funkisstil d\u00e4r du kan skapa ett annorlunda garage med val av f\u00f6nster, garageport och panel.\" \/>\n<meta property=\"og:url\" content=\"https:\/\/www.mellbygarage.se\/sv\/bygga-garage\/ingaende-material\/taktyp\/pulpettak\/\" \/>\n<meta property=\"og:site_name\" content=\"Mellby Garage\" \/>\n<meta property=\"article:publisher\" content=\"https:\/\/www.facebook.com\/mellbygarage\" \/>\n<meta property=\"article:modified_time\" content=\"2019-11-08T10:08:32+00:00\" \/>\n<meta property=\"og:image\" content=\"https:\/\/www.mellbygarage.se\/wp-content\/uploads\/2017\/12\/006bebf12d64d8bf08f358968c820c1939ced101.jpg\" \/>\n\t<meta property=\"og:image:width\" content=\"6144\" \/>\n\t<meta property=\"og:image:height\" content=\"4096\" \/>\n\t<meta property=\"og:image:type\" content=\"image\/jpeg\" \/>\n<meta name=\"twitter:card\" content=\"summary_large_image\" \/>\n<script type=\"application\/ld+json\" class=\"yoast-schema-graph\">{\"@context\":\"https:\/\/schema.org\",\"@graph\":[{\"@type\":\"WebPage\",\"@id\":\"https:\/\/www.mellbygarage.se\/sv\/bygga-garage\/ingaende-material\/taktyp\/pulpettak\/\",\"url\":\"https:\/\/www.mellbygarage.se\/sv\/bygga-garage\/ingaende-material\/taktyp\/pulpettak\/\",\"name\":\"Pulpettak &#8212; Mellby Garage\",\"isPartOf\":{\"@id\":\"https:\/\/www.mellbygarage.se\/sv\/#website\"},\"datePublished\":\"2019-10-23T11:53:22+00:00\",\"dateModified\":\"2019-11-08T10:08:32+00:00\",\"description\":\"Med Pulpettak f\u00e5r du en modern funkisstil d\u00e4r du kan skapa ett annorlunda garage med val av f\u00f6nster, garageport och panel.\",\"breadcrumb\":{\"@id\":\"https:\/\/www.mellbygarage.se\/sv\/bygga-garage\/ingaende-material\/taktyp\/pulpettak\/#breadcrumb\"},\"inLanguage\":\"sv-SE\",\"potentialAction\":[{\"@type\":\"ReadAction\",\"target\":[\"https:\/\/www.mellbygarage.se\/sv\/bygga-garage\/ingaende-material\/taktyp\/pulpettak\/\"]}]},{\"@type\":\"BreadcrumbList\",\"@id\":\"https:\/\/www.mellbygarage.se\/sv\/bygga-garage\/ingaende-material\/taktyp\/pulpettak\/#breadcrumb\",\"itemListElement\":[{\"@type\":\"ListItem\",\"position\":1,\"name\":\"Hem\",\"item\":\"https:\/\/www.mellbygarage.se\/sv\/\"},{\"@type\":\"ListItem\",\"position\":2,\"name\":\"Bygga garage\",\"item\":\"https:\/\/www.mellbygarage.se\/sv\/bygga-garage\/\"},{\"@type\":\"ListItem\",\"position\":3,\"name\":\"Ing\u00e5ende material\",\"item\":\"https:\/\/www.mellbygarage.se\/sv\/bygga-garage\/ingaende-material\/\"},{\"@type\":\"ListItem\",\"position\":4,\"name\":\"Taktyp\",\"item\":\"https:\/\/www.mellbygarage.se\/sv\/bygga-garage\/ingaende-material\/taktyp\/\"},{\"@type\":\"ListItem\",\"position\":5,\"name\":\"Pulpettak\"}]},{\"@type\":\"WebSite\",\"@id\":\"https:\/\/www.mellbygarage.se\/sv\/#website\",\"url\":\"https:\/\/www.mellbygarage.se\/sv\/\",\"name\":\"Mellby Garage\",\"description\":\"Garage, carport och radgarage med 10 \u00e5rs garanti\",\"potentialAction\":[{\"@type\":\"SearchAction\",\"target\":{\"@type\":\"EntryPoint\",\"urlTemplate\":\"https:\/\/www.mellbygarage.se\/sv\/?s={search_term_string}\"},\"query-input\":\"required name=search_term_string\"}],\"inLanguage\":\"sv-SE\"}]}<\/script>\n<!-- \/ Yoast SEO Premium plugin. -->","yoast_head_json":{"title":"Pulpettak &#8212; Mellby Garage","description":"Med Pulpettak f\u00e5r du en modern funkisstil d\u00e4r du kan skapa ett annorlunda garage med val av f\u00f6nster, garageport och panel.","robots":{"index":"index","follow":"follow","max-snippet":"max-snippet:-1","max-image-preview":"max-image-preview:large","max-video-preview":"max-video-preview:-1"},"canonical":"https:\/\/www.mellbygarage.se\/sv\/bygga-garage\/ingaende-material\/taktyp\/pulpettak\/","og_locale":"sv_SE","og_type":"article","og_title":"Pulpettak","og_description":"Med Pulpettak f\u00e5r du en modern funkisstil d\u00e4r du kan skapa ett annorlunda garage med val av f\u00f6nster, garageport och panel.","og_url":"https:\/\/www.mellbygarage.se\/sv\/bygga-garage\/ingaende-material\/taktyp\/pulpettak\/","og_site_name":"Mellby Garage","article_publisher":"https:\/\/www.facebook.com\/mellbygarage","article_modified_time":"2019-11-08T10:08:32+00:00","og_image":[{"width":6144,"height":4096,"url":"https:\/\/www.mellbygarage.se\/wp-content\/uploads\/2017\/12\/006bebf12d64d8bf08f358968c820c1939ced101.jpg","type":"image\/jpeg"}],"twitter_card":"summary_large_image","schema":{"@context":"https:\/\/schema.org","@graph":[{"@type":"WebPage","@id":"https:\/\/www.mellbygarage.se\/sv\/bygga-garage\/ingaende-material\/taktyp\/pulpettak\/","url":"https:\/\/www.mellbygarage.se\/sv\/bygga-garage\/ingaende-material\/taktyp\/pulpettak\/","name":"Pulpettak &#8212; Mellby Garage","isPartOf":{"@id":"https:\/\/www.mellbygarage.se\/sv\/#website"},"datePublished":"2019-10-23T11:53:22+00:00","dateModified":"2019-11-08T10:08:32+00:00","description":"Med Pulpettak f\u00e5r du en modern funkisstil d\u00e4r du kan skapa ett annorlunda garage med val av f\u00f6nster, garageport och panel.","breadcrumb":{"@id":"https:\/\/www.mellbygarage.se\/sv\/bygga-garage\/ingaende-material\/taktyp\/pulpettak\/#breadcrumb"},"inLanguage":"sv-SE","potentialAction":[{"@type":"ReadAction","target":["https:\/\/www.mellbygarage.se\/sv\/bygga-garage\/ingaende-material\/taktyp\/pulpettak\/"]}]},{"@type":"BreadcrumbList","@id":"https:\/\/www.mellbygarage.se\/sv\/bygga-garage\/ingaende-material\/taktyp\/pulpettak\/#breadcrumb","itemListElement":[{"@type":"ListItem","position":1,"name":"Hem","item":"https:\/\/www.mellbygarage.se\/sv\/"},{"@type":"ListItem","position":2,"name":"Bygga garage","item":"https:\/\/www.mellbygarage.se\/sv\/bygga-garage\/"},{"@type":"ListItem","position":3,"name":"Ing\u00e5ende material","item":"https:\/\/www.mellbygarage.se\/sv\/bygga-garage\/ingaende-material\/"},{"@type":"ListItem","position":4,"name":"Taktyp","item":"https:\/\/www.mellbygarage.se\/sv\/bygga-garage\/ingaende-material\/taktyp\/"},{"@type":"ListItem","position":5,"name":"Pulpettak"}]},{"@type":"WebSite","@id":"https:\/\/www.mellbygarage.se\/sv\/#website","url":"https:\/\/www.mellbygarage.se\/sv\/","name":"Mellby Garage","description":"Garage, carport och radgarage med 10 \u00e5rs garanti","potentialAction":[{"@type":"SearchAction","target":{"@type":"EntryPoint","urlTemplate":"https:\/\/www.mellbygarage.se\/sv\/?s={search_term_string}"},"query-input":"required name=search_term_string"}],"inLanguage":"sv-SE"}]}},"_links":{"self":[{"href":"https:\/\/www.mellbygarage.se\/sv\/wp-json\/wp\/v2\/pages\/55224"}],"collection":[{"href":"https:\/\/www.mellbygarage.se\/sv\/wp-json\/wp\/v2\/pages"}],"about":[{"href":"https:\/\/www.mellbygarage.se\/sv\/wp-json\/wp\/v2\/types\/page"}],"author":[{"embeddable":true,"href":"https:\/\/www.mellbygarage.se\/sv\/wp-json\/wp\/v2\/users\/6"}],"replies":[{"embeddable":true,"href":"https:\/\/www.mellbygarage.se\/sv\/wp-json\/wp\/v2\/comments?post=55224"}],"version-history":[{"count":8,"href":"https:\/\/www.mellbygarage.se\/sv\/wp-json\/wp\/v2\/pages\/55224\/revisions"}],"predecessor-version":[{"id":55577,"href":"https:\/\/www.mellbygarage.se\/sv\/wp-json\/wp\/v2\/pages\/55224\/revisions\/55577"}],"up":[{"embeddable":true,"href":"https:\/\/www.mellbygarage.se\/sv\/wp-json\/wp\/v2\/pages\/55202"}],"wp:featuredmedia":[{"embeddable":true,"href":"https:\/\/www.mellbygarage.se\/sv\/wp-json\/wp\/v2\/media\/718"}],"wp:attachment":[{"href":"https:\/\/www.mellbygarage.se\/sv\/wp-json\/wp\/v2\/media?parent=55224"}],"curies":[{"name":"wp","href":"https:\/\/api.w.org\/{rel}","templated":true}]}}